{"id":3736,"date":"2018-04-16T13:22:32","date_gmt":"2018-04-16T12:22:32","guid":{"rendered":"https:\/\/patricwilhelmsson.se\/shop\/terms-conditions\/"},"modified":"2023-01-20T16:02:28","modified_gmt":"2023-01-20T15:02:28","slug":"terms-conditions","status":"publish","type":"page","link":"https:\/\/patricwilhelmsson.se\/shop\/terms-conditions\/?lang=en","title":{"rendered":"Terms &#038; Conditions"},"content":{"rendered":"<p>[vc_row][vc_column][vc_column_text css=&#8221;.vc_custom_1523895744323{padding-top: 30px !important;padding-right: 30px !important;padding-bottom: 30px !important;padding-left: 30px !important;background-color: #ffffff !important;}&#8221;]Please read these Terms &amp; Conditions carefully.<\/p>\n<p>In these terms and conditions (the \u201cTerms &amp; Conditions\u201d)\u00a0 Patric Wilhelmsson Films is refered to PWP. The Terms &amp; Conditions apply when you place an order at www.patricwilhelmsson.se.<\/p>\n<p>These Terms &amp; Conditions are set to apply to all sales through www.patricwilhelmsson.se.[\/vc_column_text][\/vc_column][\/vc_row][vc_row][vc_column][vc_tta_accordion][vc_tta_section title=&#8221;Intellectual property&#8221; tab_id=&#8221;1523882607386-ad10a0b0-6df1&#8243;][vc_column_text]The Site, www.patricwilhelmsson.se\u00a0 and its original content, features and functionality such as names, trademarks, images, videos, design, products, services are owned by Patric Wilhelmsson Films and are protected by international copyright, trademark, patent, trade secret and other intellectual property or proprietary rights laws.<\/p>\n<p>The content can not be used or copied without the explicit permission from Patric Wilhelmsson Films.[\/vc_column_text][\/vc_tta_section][vc_tta_section title=&#8221;About us&#8221; tab_id=&#8221;1523883525130-85b99a35-c912&#8243;][vc_column_text]Our full legal business name is Wilhelmsson Film AB.<br \/>\nV\u00e4stergatan 35, 28537 Markaryd.<br \/>\nRegistration number in Sweden is 559408-2405.<br \/>\ninfo@patricwilhelmsson.se<br \/>\nPhone number is +46 70 58 98 671.[\/vc_column_text][\/vc_tta_section][vc_tta_section title=&#8221;Services &amp; Sales&#8221; tab_id=&#8221;1523883687630-6d16618a-ce75&#8243;][vc_column_text]We offer\u00a0weddingfilms, printed art and education.<br \/>\nWeddingfilms together with the &#8221;Add-ons&#8221; and &#8221;Education&#8221; are services which you can book through the webshop. Weddingfilms together with &#8221;Add-ons&#8221; are debited 50% of the total cost of the booking at purchase\/booking. The other 50% is paid 2 weeks before the actual weddingday. A contract is signed online prior to the booking\/purchase.<br \/>\nPrints are made upon purchase and we hold no stock of prints.<br \/>\nYou must be minimum 18 years old to order via the web page. We reserve the right to refuse or change your order.<br \/>\nOrders are entitled to be cancelled or terminated up to the point in time where PWP has sent confirmation of the order. Full refunds will be issued in the event a product order has been cancelled.[\/vc_column_text][\/vc_tta_section][vc_tta_section title=&#8221;Privacy Policy&#8221; tab_id=&#8221;1523883823778-df73057d-6148&#8243;][vc_column_text]Accepting of the Terms &amp; Conditions the acknowledgment has been made and understood on our <strong><a href=\"https:\/\/patricwilhelmsson.se\/shop\/cookiepolicy\/?lang=en\">cookie-policy<\/a><\/strong>, personal data control, and this is consensual and aligned with the terms outlined in our\u00a0<strong><a href=\"https:\/\/patricwilhelmsson.se\/shop\/privacy-policy\/?lang=en\">Privacy Policy<\/a><\/strong>.[\/vc_column_text][\/vc_tta_section][vc_tta_section title=&#8221;Termination&#8221; tab_id=&#8221;1523883932242-22e6a338-8580&#8243;][vc_column_text]We may terminate your access to the Site, without cause or notice, which may result in the forfeiture and destruction of all information associated with you. All provisions of this Agreement that by their nature should survive termination shall survive termination, including, without limitation, ownership provisions, warranty disclaimers, indemnity, and limitations of liability.[\/vc_column_text][\/vc_tta_section][vc_tta_section title=&#8221;Prices &amp; Payment&#8221; tab_id=&#8221;1523883995546-d19a55d4-7ed6&#8243;][vc_column_text]All product is shown including VAT in EU countries. In the checkout area you can see total price including\u00a0taxes\u00a0and shipping if any.<br \/>\nWe offer Part payment, direct payment and invoice payment through Payson for swedish customers and also Direct Bank Transfer.<\/p>\n<p><strong><span id=\"result_box\" class=\"\" lang=\"en\"><span title=\"Om PaysonFaktura \">About PaysonFaktura<\/span><\/span><\/strong><\/p>\n<p><span title=\"Vi erbjuder betals\u00e4ttet \u201dPaysonFaktura\u201d i samarbete med Payson AB. \">We offer the payment method &#8221;PaysonFaktura&#8221; in cooperation with Payson AB.<br \/>\n<\/span><span title=\"Betalningsvillkor \u00e4r 14 dagar och vid fakturak\u00f6p tillkommer en avgift om - - kr. \">Payment terms are 14 days and at invoice purchases a fee of 0 kr.<br \/>\n<\/span><span title=\"F\u00f6r att kunna best\u00e4lla mot faktura m\u00e5ste Du ha fyllt 18 \u00e5r och vara folkbokf\u00f6rd i Sverige samt godk\u00e4nnas i den kreditpr\u00f6vning som genomf\u00f6rs vid k\u00f6pet.\">To be able to order an invoice, you must be 18 years old and be registered in Sweden and approved in the credit test performed at the time of purchase. <\/span><span title=\"Alternativt ett representera ett F\u00f6retag registrerat i Sverige samt godk\u00e4nnas i den kreditpr\u00f6vning som genomf\u00f6rs vid k\u00f6pet.\">Alternatively one represents a Company registered in Sweden and approved in the credit test performed at the time of purchase. <\/span><span title=\"Fakturan kommer att s\u00e4ndas separat med e-post till den e-postadress du anger vid k\u00f6ptillf\u00e4llet.\">The invoice will be sent separately by e-mail to the e-mail address you specify at the time of purchase. <\/span><span title=\"Vid f\u00f6rsenad betalning skickas betalningsp\u00e5minnelse varvid lagstadgad p\u00e5minnelseavgift om f\u00f6r n\u00e4rvarande 60 kr tillkommer.\">In case of late payment, a payment reminder will be sent, whereby statutory reminder fee of currently SEK 60 will be added. <\/span><span title=\"Vi debiterar \u00e4ven dr\u00f6jsm\u00e5lsr\u00e4nta med 2 % per m\u00e5nad fr\u00e5n fakturans f\u00f6rfallodag.\">We also charge late payment by 2% per month from the due date of the invoice. <\/span><span title=\"Vid utebliven betalning l\u00e4mnas \u00e4rendet till inkasso varvid lagstadgad inkassoavgift om f\u00f6r n\u00e4rvarande 180 kr tillkommer.\">In the event of non-payment, the case will be filed with a debt collector with a statutory collection fee of currently 180 SEK. <\/span><span title=\"Payson f\u00f6rbeh\u00e5ller sig r\u00e4tten att i enskilt fall neka leverans och ompr\u00f6va best\u00e4llarens kreditv\u00e4rdighet.\">Payson reserves the right to refuse delivery on a case-by-case basis and review the creditor&#8217;s creditworthiness. <\/span><span title=\"Mer information och fullst\u00e4ndiga villkor finns h\u00e4r: https:\/\/www.payson.se\/sv\/anvandarvillkor\/ \">More information and full terms can be found here: https:\/\/www.payson.se\/en\/anvandarvillkor\/<\/span><\/p>\n<p><span title=\"Information om \u00e5ngerr\u00e4tt \">Information about right of withdrawal<\/span><\/p>\n<p><span title=\"Enligt Distans- och hemf\u00f6rs\u00e4ljningslagen har Du som konsument (detta g\u00e4ller ej f\u00f6retag) r\u00e4tt att fr\u00e5ntr\u00e4da avtalet genom att meddela oss detta inom 14 dagar fr\u00e5n mottagandet av varan.\">Under the Distribution and Home Sales Act, you as a consumer (this does not apply to companies) have the right to withdraw the agreement by notifying us within 14 days of receipt of the goods. <\/span><span title=\"F\u00f6r att Du skall kunna nyttja din \u00e5ngerr\u00e4tt m\u00e5ste Du returnera varan i oskadat skick, i originalf\u00f6rpackning.\">In order for you to use your right of withdrawal, you must return the item in undamaged condition, in original packaging. <\/span><span title=\"Vid nyttjande av \u00e5ngerr\u00e4tten \u00e4r det Du som st\u00e5r f\u00f6r returkostnaden. \">When using the right of withdrawal, you are responsible for the return.<\/span><\/p>\n<p><span title=\"Information om pants\u00e4ttning \">Information about mortgages<\/span><\/p>\n<p><span title=\"Vid betalning med PaysonFaktura kommer fakturan att pants\u00e4ttas till Payson och d\u00e4refter till SVEA Ekonomi AB, 556489-2924.\">Upon payment with PaysonFaktura, the invoice will be pledged to Payson and then to SVEA Ekonomi AB, 556489-2924.<\/span>[\/vc_column_text][\/vc_tta_section][vc_tta_section title=&#8221;Delivery&#8221; tab_id=&#8221;1523884155064-a901c1fe-1b65&#8243;][vc_column_text]We will arrange for all prints to be delivered to the address within 5 working days from the date of order confirmation.<br \/>\nFor international deliveries, we are not responsible for local taxes and import duties that may apply.<br \/>\nDelivered products which are not picked up will be shipped back to PWP. In such case, buyers will be charged any cost involved with the delivery of the products back to PWP.<br \/>\nFor weddingfilm and additional items included in the total package, the delivery takes 6-12 weeks depending on the season.[\/vc_column_text][\/vc_tta_section][vc_tta_section title=&#8221;Returns&#8221; tab_id=&#8221;1523884235740-c10197a4-f0e5&#8243;][vc_column_text]All prints are made upon purchase, meaning no refunds will be accepted unless the product is considered damaged or defective.<br \/>\nFor damaged or defective products, our cancellation period is 21 days. If you wish to cancel a purchase, you shall, prior to the expiry of the cancellation period, send a clear message together with images of the damaged or defective product to info@patricwilhelmsson.se<br \/>\nIf under the jurisdiction of our return policy, your refunds will be equal to your financial commitment for the products and\u00a0delivery, and acted upon immediately with the latest being one month after\u00a0the return of the goods.<br \/>\nThe responsibility of such return lies at the customer.[\/vc_column_text][\/vc_tta_section][vc_tta_section title=&#8221;Products on the web-page&#8221; tab_id=&#8221;1523884308026-5e696549-9c64&#8243;][vc_column_text]We have no liability in case of products&#8217;\u00a0visual or text\u00a0misrepresentations, e.g. misrepresentation within descriptions or specifications, inaccurate prices or if products are sold out.<br \/>\nColours represented on the web page may vary slightly from the actual product due to calibration differences between computers.<br \/>\nDifferent print sizes have different image crop dimensions. You are responsible for the selection of print size and margin (passepartout).<br \/>\nThe digital graphics\u00a0on this web page may not be fully accurate.[\/vc_column_text][\/vc_tta_section][vc_tta_section title=&#8221;Force Majeure&#8221; tab_id=&#8221;1523884372360-c0b47434-6b79&#8243;][vc_column_text]PWP holds no liability for instances which may occur that are deemed outside reasonable control, which potentially can result in products being delivered outside the quoted time frame. This may include difficulties, such as war, riots, labour conflicts, fires, floods, storms, accidents, power shortages, transportation shortages, and any type of interruptions.[\/vc_column_text][\/vc_tta_section][vc_tta_section title=&#8221;Limitations of Liability&#8221; tab_id=&#8221;1523884433570-52a35292-50ac&#8221;][vc_column_text]PWP upholds the truest intent to display the products and format of the web page in a clear manner, notwithstanding that generally accepted internet disruptions may occur at anytime. Materials and information presented by the web user on the website are done so with an understood risk, and the actions of the user includes the responsibility of data loss which may occur. All attempts to withhold delivery of products are in the norms of standard services rendered, and should a delivery quote fail to be met, PWP has no obligation to refund a cancelled product. Any consequences which may affect financial consequences as a result of delivery quote times are not the responsibility of PWP.[\/vc_column_text][\/vc_tta_section][vc_tta_section title=&#8221;Changes to this agreement&#8221; tab_id=&#8221;1523882607436-baa43f4a-110b&#8221;][vc_column_text]We reserve the right, at our sole discretion, to modify or replace these Terms and Conditions by posting the updated terms on the Site. Your continued use of the Site after any such changes constitutes your acceptance of the new Terms and Conditions.<\/p>\n<p>Please review this Agreement periodically for changes. If you do not agree to any of this Agreement or any changes to this Agreement, do not use, access or continue to access the Site or discontinue any use of the Site immediately.[\/vc_column_text][\/vc_tta_section][\/vc_tta_accordion][\/vc_column][\/vc_row]<\/p>\n","protected":false},"excerpt":{"rendered":"<p>[vc_row][vc_column][vc_column_text css=&#8221;.vc_custom_1523895744323{padding-top: 30px !important;padding-right: 30px !important;padding-bottom: 30px !important;padding-left: 30px !important;background-color: #ffffff !important;}&#8221;]Please read these Terms &amp; Conditions carefully. In these terms and conditions (the \u201cTerms &amp; Conditions\u201d)\u00a0 Patric Wilhelmsson Films is refered to PWP. The Terms &amp; Conditions&hellip;<\/p>\n","protected":false},"author":1,"featured_media":0,"parent":0,"menu_order":0,"comment_status":"open","ping_status":"closed","template":"","meta":[],"acf":[],"yoast_head":"<!-- This site is optimized with the Yoast SEO plugin v19.13 - https:\/\/yoast.com\/wordpress\/plugins\/seo\/ -->\n<title>Terms &amp; Conditions - patricwilhelmsson.se\/shop<\/title>\n<meta name=\"robots\" content=\"index, follow, max-snippet:-1, max-image-preview:large, max-video-preview:-1\" \/>\n<link rel=\"canonical\" href=\"https:\/\/patricwilhelmsson.se\/shop\/terms-conditions\/?lang=en\" \/>\n<meta property=\"og:locale\" content=\"sv_SE\" \/>\n<meta property=\"og:type\" content=\"article\" \/>\n<meta property=\"og:title\" content=\"Terms &amp; Conditions - patricwilhelmsson.se\/shop\" \/>\n<meta property=\"og:description\" content=\"[vc_row][vc_column][vc_column_text css=&#8221;.vc_custom_1523895744323{padding-top: 30px !important;padding-right: 30px !important;padding-bottom: 30px !important;padding-left: 30px !important;background-color: #ffffff !important;}&#8221;]Please read these Terms &amp; Conditions carefully. In these terms and conditions (the \u201cTerms &amp; Conditions\u201d)\u00a0 Patric Wilhelmsson Films is refered to PWP. The Terms &amp; Conditions&hellip;\" \/>\n<meta property=\"og:url\" content=\"https:\/\/patricwilhelmsson.se\/shop\/terms-conditions\/?lang=en\" \/>\n<meta property=\"og:site_name\" content=\"patricwilhelmsson.se\/shop\" \/>\n<meta property=\"article:modified_time\" content=\"2023-01-20T15:02:28+00:00\" \/>\n<meta name=\"twitter:card\" content=\"summary_large_image\" \/>\n<meta name=\"twitter:label1\" content=\"Ber\u00e4knad l\u00e4stid\" \/>\n\t<meta name=\"twitter:data1\" content=\"6 minuter\" \/>\n<script type=\"application\/ld+json\" class=\"yoast-schema-graph\">{\"@context\":\"https:\/\/schema.org\",\"@graph\":[{\"@type\":\"WebPage\",\"@id\":\"https:\/\/patricwilhelmsson.se\/shop\/terms-conditions\/?lang=en\",\"url\":\"https:\/\/patricwilhelmsson.se\/shop\/terms-conditions\/?lang=en\",\"name\":\"Terms & Conditions - patricwilhelmsson.se\/shop\",\"isPartOf\":{\"@id\":\"https:\/\/patricwilhelmsson.se\/shop\/#website\"},\"datePublished\":\"2018-04-16T12:22:32+00:00\",\"dateModified\":\"2023-01-20T15:02:28+00:00\",\"breadcrumb\":{\"@id\":\"https:\/\/patricwilhelmsson.se\/shop\/terms-conditions\/?lang=en#breadcrumb\"},\"inLanguage\":\"sv-SE\",\"potentialAction\":[{\"@type\":\"ReadAction\",\"target\":[\"https:\/\/patricwilhelmsson.se\/shop\/terms-conditions\/?lang=en\"]}]},{\"@type\":\"BreadcrumbList\",\"@id\":\"https:\/\/patricwilhelmsson.se\/shop\/terms-conditions\/?lang=en#breadcrumb\",\"itemListElement\":[{\"@type\":\"ListItem\",\"position\":1,\"name\":\"Home\",\"item\":\"https:\/\/patricwilhelmsson.se\/shop\/\"},{\"@type\":\"ListItem\",\"position\":2,\"name\":\"Terms &#038; Conditions\"}]},{\"@type\":\"WebSite\",\"@id\":\"https:\/\/patricwilhelmsson.se\/shop\/#website\",\"url\":\"https:\/\/patricwilhelmsson.se\/shop\/\",\"name\":\"patricwilhelmsson.se\/shop\",\"description\":\"Premium Weddingfilms\",\"publisher\":{\"@id\":\"https:\/\/patricwilhelmsson.se\/shop\/#organization\"},\"potentialAction\":[{\"@type\":\"SearchAction\",\"target\":{\"@type\":\"EntryPoint\",\"urlTemplate\":\"https:\/\/patricwilhelmsson.se\/shop\/?s={search_term_string}\"},\"query-input\":\"required name=search_term_string\"}],\"inLanguage\":\"sv-SE\"},{\"@type\":\"Organization\",\"@id\":\"https:\/\/patricwilhelmsson.se\/shop\/#organization\",\"name\":\"Patric Wilhelmsson Films\",\"url\":\"https:\/\/patricwilhelmsson.se\/shop\/\",\"logo\":{\"@type\":\"ImageObject\",\"inLanguage\":\"sv-SE\",\"@id\":\"https:\/\/patricwilhelmsson.se\/shop\/#\/schema\/logo\/image\/\",\"url\":\"https:\/\/patricwilhelmsson.se\/shop\/wp-content\/uploads\/2018\/02\/PWPFILMSNY18_vit.png\",\"contentUrl\":\"https:\/\/patricwilhelmsson.se\/shop\/wp-content\/uploads\/2018\/02\/PWPFILMSNY18_vit.png\",\"width\":1890,\"height\":1417,\"caption\":\"Patric Wilhelmsson Films\"},\"image\":{\"@id\":\"https:\/\/patricwilhelmsson.se\/shop\/#\/schema\/logo\/image\/\"}}]}<\/script>\n<!-- \/ Yoast SEO plugin. -->","yoast_head_json":{"title":"Terms & Conditions - patricwilhelmsson.se\/shop","robots":{"index":"index","follow":"follow","max-snippet":"max-snippet:-1","max-image-preview":"max-image-preview:large","max-video-preview":"max-video-preview:-1"},"canonical":"https:\/\/patricwilhelmsson.se\/shop\/terms-conditions\/?lang=en","og_locale":"sv_SE","og_type":"article","og_title":"Terms & Conditions - patricwilhelmsson.se\/shop","og_description":"[vc_row][vc_column][vc_column_text css=&#8221;.vc_custom_1523895744323{padding-top: 30px !important;padding-right: 30px !important;padding-bottom: 30px !important;padding-left: 30px !important;background-color: #ffffff !important;}&#8221;]Please read these Terms &amp; Conditions carefully. In these terms and conditions (the \u201cTerms &amp; Conditions\u201d)\u00a0 Patric Wilhelmsson Films is refered to PWP. The Terms &amp; Conditions&hellip;","og_url":"https:\/\/patricwilhelmsson.se\/shop\/terms-conditions\/?lang=en","og_site_name":"patricwilhelmsson.se\/shop","article_modified_time":"2023-01-20T15:02:28+00:00","twitter_card":"summary_large_image","twitter_misc":{"Ber\u00e4knad l\u00e4stid":"6 minuter"},"schema":{"@context":"https:\/\/schema.org","@graph":[{"@type":"WebPage","@id":"https:\/\/patricwilhelmsson.se\/shop\/terms-conditions\/?lang=en","url":"https:\/\/patricwilhelmsson.se\/shop\/terms-conditions\/?lang=en","name":"Terms & Conditions - patricwilhelmsson.se\/shop","isPartOf":{"@id":"https:\/\/patricwilhelmsson.se\/shop\/#website"},"datePublished":"2018-04-16T12:22:32+00:00","dateModified":"2023-01-20T15:02:28+00:00","breadcrumb":{"@id":"https:\/\/patricwilhelmsson.se\/shop\/terms-conditions\/?lang=en#breadcrumb"},"inLanguage":"sv-SE","potentialAction":[{"@type":"ReadAction","target":["https:\/\/patricwilhelmsson.se\/shop\/terms-conditions\/?lang=en"]}]},{"@type":"BreadcrumbList","@id":"https:\/\/patricwilhelmsson.se\/shop\/terms-conditions\/?lang=en#breadcrumb","itemListElement":[{"@type":"ListItem","position":1,"name":"Home","item":"https:\/\/patricwilhelmsson.se\/shop\/"},{"@type":"ListItem","position":2,"name":"Terms &#038; Conditions"}]},{"@type":"WebSite","@id":"https:\/\/patricwilhelmsson.se\/shop\/#website","url":"https:\/\/patricwilhelmsson.se\/shop\/","name":"patricwilhelmsson.se\/shop","description":"Premium Weddingfilms","publisher":{"@id":"https:\/\/patricwilhelmsson.se\/shop\/#organization"},"potentialAction":[{"@type":"SearchAction","target":{"@type":"EntryPoint","urlTemplate":"https:\/\/patricwilhelmsson.se\/shop\/?s={search_term_string}"},"query-input":"required name=search_term_string"}],"inLanguage":"sv-SE"},{"@type":"Organization","@id":"https:\/\/patricwilhelmsson.se\/shop\/#organization","name":"Patric Wilhelmsson Films","url":"https:\/\/patricwilhelmsson.se\/shop\/","logo":{"@type":"ImageObject","inLanguage":"sv-SE","@id":"https:\/\/patricwilhelmsson.se\/shop\/#\/schema\/logo\/image\/","url":"https:\/\/patricwilhelmsson.se\/shop\/wp-content\/uploads\/2018\/02\/PWPFILMSNY18_vit.png","contentUrl":"https:\/\/patricwilhelmsson.se\/shop\/wp-content\/uploads\/2018\/02\/PWPFILMSNY18_vit.png","width":1890,"height":1417,"caption":"Patric Wilhelmsson Films"},"image":{"@id":"https:\/\/patricwilhelmsson.se\/shop\/#\/schema\/logo\/image\/"}}]}},"_links":{"self":[{"href":"https:\/\/patricwilhelmsson.se\/shop\/wp-json\/wp\/v2\/pages\/3736"}],"collection":[{"href":"https:\/\/patricwilhelmsson.se\/shop\/wp-json\/wp\/v2\/pages"}],"about":[{"href":"https:\/\/patricwilhelmsson.se\/shop\/wp-json\/wp\/v2\/types\/page"}],"author":[{"embeddable":true,"href":"https:\/\/patricwilhelmsson.se\/shop\/wp-json\/wp\/v2\/users\/1"}],"replies":[{"embeddable":true,"href":"https:\/\/patricwilhelmsson.se\/shop\/wp-json\/wp\/v2\/comments?post=3736"}],"version-history":[{"count":11,"href":"https:\/\/patricwilhelmsson.se\/shop\/wp-json\/wp\/v2\/pages\/3736\/revisions"}],"predecessor-version":[{"id":4240,"href":"https:\/\/patricwilhelmsson.se\/shop\/wp-json\/wp\/v2\/pages\/3736\/revisions\/4240"}],"wp:attachment":[{"href":"https:\/\/patricwilhelmsson.se\/shop\/wp-json\/wp\/v2\/media?parent=3736"}],"curies":[{"name":"wp","href":"https:\/\/api.w.org\/{rel}","templated":true}]}}