{"id":3757,"date":"2018-04-18T10:15:03","date_gmt":"2018-04-18T09:15:03","guid":{"rendered":"https:\/\/patricwilhelmsson.se\/shop\/?page_id=3757"},"modified":"2018-05-10T10:18:57","modified_gmt":"2018-05-10T09:18:57","slug":"cookie-policy","status":"publish","type":"page","link":"https:\/\/patricwilhelmsson.se\/shop\/cookie-policy\/","title":{"rendered":"Cookie policy"},"content":{"rendered":"<p>[vc_row][vc_column][vc_column_text]<strong>Cookies policy<\/strong><\/p>\n<p>De flesta sidor p\u00e5 internet anv\u00e4nder cookies och det g\u00f6r vi ocks\u00e5 p\u00e5 v\u00e5r webbplats, www.patricwilhelmssons.se.<br \/>\nEn cookie \u00e4r en liten bit av data som en webbplats fr\u00e5gar din webbl\u00e4sare att lagra p\u00e5 din dator eller mobilenhet. Kakan g\u00f6r det m\u00f6jligt f\u00f6r webbplatsen att \u201dkomma ih\u00e5g\u201d dina handlingar eller preferenser \u00f6ver tiden.<br \/>\nDe flesta webbl\u00e4sare st\u00f6der cookies, men anv\u00e4ndare kan st\u00e4lla in sina webbl\u00e4sare f\u00f6r att avvisa dem och kan radera dem n\u00e4r de vill. Se anv\u00e4ndarhandboken f\u00f6r din webbl\u00e4sare f\u00f6r mer information om hur du tar bort cookies. H\u00e5ll i min men, att om deaktiveras, kan inte alla funktioner p\u00e5 webbplatsen anv\u00e4ndas till fullo.<br \/>\nBeskrivning<br \/>\nWebbplatser anv\u00e4nder huvudsakligen cookies till:<br \/>\n\u2022 identifiera anv\u00e4ndare<br \/>\n\u2022 Kom ih\u00e5g anv\u00e4ndarnas egna preferenser<br \/>\n\u2022 hj\u00e4lpa anv\u00e4ndare att slutf\u00f6ra uppgifter utan att beh\u00f6va skriva in information n\u00e4r de surfar fr\u00e5n en sida till en annan eller n\u00e4r de bes\u00f6ker webbplatsen senare.<br \/>\nKakor kan ocks\u00e5 anv\u00e4ndas f\u00f6r annonsering p\u00e5 n\u00e4tet f\u00f6r beteendem\u00e5l och f\u00f6r att visa annonser som \u00e4r relevanta f\u00f6r n\u00e5gonting som anv\u00e4ndaren s\u00f6kt efter tidigare.<br \/>\nHur anv\u00e4nds de?<br \/>\nDen webbserver som tillhandah\u00e5ller webbsidan kan lagra en cookie p\u00e5 anv\u00e4ndarens dator eller mobilenhet. En extern webbserver som hanterar filer inkluderade eller refererade p\u00e5 webbsidan kan ocks\u00e5 lagra cookies. Alla dessa cookies heter http header cookies. Ett annat s\u00e4tt att lagra cookies \u00e4r genom JavaScript-kod som finns eller h\u00e4nvisas till p\u00e5 den sidan.<br \/>\nVarje g\u00e5ng anv\u00e4ndaren beg\u00e4r en ny sida kan webbservern ta emot v\u00e4rdena f\u00f6r de cookies som den tidigare st\u00e4llt in och returnera sidan med inneh\u00e5ll som h\u00e4nf\u00f6r sig till dessa v\u00e4rden. P\u00e5 samma s\u00e4tt kan JavaScript-kod l\u00e4sa en cookie som tillh\u00f6r dom\u00e4nen och utf\u00f6ra en \u00e5tg\u00e4rd i enlighet med detta.<\/p>\n<p><strong>Vad \u00e4r de olika typerna av cookies?<\/strong><br \/>\nEn cookie kan klassificeras efter dess livsl\u00e4ngd och dom\u00e4nen som den tillh\u00f6r. Efter en livstid \u00e4r en kaka antingen a:<br \/>\n\u2022 sessionskaka som raderas n\u00e4r anv\u00e4ndaren st\u00e4nger webbl\u00e4saren eller<br \/>\n\u2022 Ih\u00e5llande cookie som finns kvar p\u00e5 anv\u00e4ndarens dator \/ enhet under en f\u00f6rutbest\u00e4md tidsperiod.<br \/>\nN\u00e4r det g\u00e4ller dom\u00e4nen till vilken den h\u00f6r, finns det antingen:<br \/>\n\u2022 Kakor fr\u00e5n f\u00f6rsta part som st\u00e4lls in av webbservern p\u00e5 den bes\u00f6kta sidan och delar samma dom\u00e4n<br \/>\n\u2022 tredjeparts cookies lagrade av en annan dom\u00e4n till den bes\u00f6kta sidans dom\u00e4n. Detta kan h\u00e4nda n\u00e4r webbsidan h\u00e4nvisar till en fil, till exempel JavaScript, som ligger utanf\u00f6r dom\u00e4nen.<\/p>\n<p><strong>Google Analytics-relaterade cookies<\/strong><br \/>\nCookies relaterade till Google Analytics anv\u00e4nds f\u00f6r att ge statistik och f\u00f6rb\u00e4ttra webbplatsen. Mer information finns i Googles sekretesspolicy p\u00e5 http:\/\/www.google.com\/intl\/sv\/policies\/privacy\/.[\/vc_column_text][\/vc_column][\/vc_row][vc_row][vc_column][vc_column_text]<script id=\"CookieDeclaration\" data-culture=\"sv\" src=\"https:\/\/consent.cookiebot.com\/488eac1c-b130-4cd9-b814-9cdbef29286a\/cd.js\" type=\"text\/javascript\" async><\/script>[\/vc_column_text][\/vc_column][\/vc_row]<\/p>\n","protected":false},"excerpt":{"rendered":"<p>[vc_row][vc_column][vc_column_text]Cookies policy De flesta sidor p\u00e5 internet anv\u00e4nder cookies och det g\u00f6r vi ocks\u00e5 p\u00e5 v\u00e5r webbplats, www.patricwilhelmssons.se. En cookie \u00e4r en liten bit av data som en webbplats fr\u00e5gar din webbl\u00e4sare att lagra p\u00e5 din dator eller&hellip;<\/p>\n","protected":false},"author":1,"featured_media":0,"parent":0,"menu_order":0,"comment_status":"closed","ping_status":"closed","template":"","meta":[],"acf":[],"yoast_head":"<!-- This site is optimized with the Yoast SEO plugin v19.13 - https:\/\/yoast.com\/wordpress\/plugins\/seo\/ -->\n<title>Cookie policy - patricwilhelmsson.se\/shop<\/title>\n<meta name=\"robots\" content=\"index, follow, max-snippet:-1, max-image-preview:large, max-video-preview:-1\" \/>\n<link rel=\"canonical\" href=\"https:\/\/patricwilhelmsson.se\/shop\/cookie-policy\/\" \/>\n<meta property=\"og:locale\" content=\"sv_SE\" \/>\n<meta property=\"og:type\" content=\"article\" \/>\n<meta property=\"og:title\" content=\"Cookie policy - patricwilhelmsson.se\/shop\" \/>\n<meta property=\"og:description\" content=\"[vc_row][vc_column][vc_column_text]Cookies policy De flesta sidor p\u00e5 internet anv\u00e4nder cookies och det g\u00f6r vi ocks\u00e5 p\u00e5 v\u00e5r webbplats, www.patricwilhelmssons.se. En cookie \u00e4r en liten bit av data som en webbplats fr\u00e5gar din webbl\u00e4sare att lagra p\u00e5 din dator eller&hellip;\" \/>\n<meta property=\"og:url\" content=\"https:\/\/patricwilhelmsson.se\/shop\/cookie-policy\/\" \/>\n<meta property=\"og:site_name\" content=\"patricwilhelmsson.se\/shop\" \/>\n<meta property=\"article:modified_time\" content=\"2018-05-10T09:18:57+00:00\" \/>\n<meta name=\"twitter:card\" content=\"summary_large_image\" \/>\n<meta name=\"twitter:label1\" content=\"Ber\u00e4knad l\u00e4stid\" \/>\n\t<meta name=\"twitter:data1\" content=\"3 minuter\" \/>\n<script type=\"application\/ld+json\" class=\"yoast-schema-graph\">{\"@context\":\"https:\/\/schema.org\",\"@graph\":[{\"@type\":\"WebPage\",\"@id\":\"https:\/\/patricwilhelmsson.se\/shop\/cookie-policy\/\",\"url\":\"https:\/\/patricwilhelmsson.se\/shop\/cookie-policy\/\",\"name\":\"Cookie policy - patricwilhelmsson.se\/shop\",\"isPartOf\":{\"@id\":\"https:\/\/patricwilhelmsson.se\/shop\/#website\"},\"datePublished\":\"2018-04-18T09:15:03+00:00\",\"dateModified\":\"2018-05-10T09:18:57+00:00\",\"breadcrumb\":{\"@id\":\"https:\/\/patricwilhelmsson.se\/shop\/cookie-policy\/#breadcrumb\"},\"inLanguage\":\"sv-SE\",\"potentialAction\":[{\"@type\":\"ReadAction\",\"target\":[\"https:\/\/patricwilhelmsson.se\/shop\/cookie-policy\/\"]}]},{\"@type\":\"BreadcrumbList\",\"@id\":\"https:\/\/patricwilhelmsson.se\/shop\/cookie-policy\/#breadcrumb\",\"itemListElement\":[{\"@type\":\"ListItem\",\"position\":1,\"name\":\"Home\",\"item\":\"https:\/\/patricwilhelmsson.se\/shop\/\"},{\"@type\":\"ListItem\",\"position\":2,\"name\":\"Cookie policy\"}]},{\"@type\":\"WebSite\",\"@id\":\"https:\/\/patricwilhelmsson.se\/shop\/#website\",\"url\":\"https:\/\/patricwilhelmsson.se\/shop\/\",\"name\":\"patricwilhelmsson.se\/shop\",\"description\":\"Premium Weddingfilms\",\"publisher\":{\"@id\":\"https:\/\/patricwilhelmsson.se\/shop\/#organization\"},\"potentialAction\":[{\"@type\":\"SearchAction\",\"target\":{\"@type\":\"EntryPoint\",\"urlTemplate\":\"https:\/\/patricwilhelmsson.se\/shop\/?s={search_term_string}\"},\"query-input\":\"required name=search_term_string\"}],\"inLanguage\":\"sv-SE\"},{\"@type\":\"Organization\",\"@id\":\"https:\/\/patricwilhelmsson.se\/shop\/#organization\",\"name\":\"Patric Wilhelmsson Films\",\"url\":\"https:\/\/patricwilhelmsson.se\/shop\/\",\"logo\":{\"@type\":\"ImageObject\",\"inLanguage\":\"sv-SE\",\"@id\":\"https:\/\/patricwilhelmsson.se\/shop\/#\/schema\/logo\/image\/\",\"url\":\"https:\/\/patricwilhelmsson.se\/shop\/wp-content\/uploads\/2018\/02\/PWPFILMSNY18_vit.png\",\"contentUrl\":\"https:\/\/patricwilhelmsson.se\/shop\/wp-content\/uploads\/2018\/02\/PWPFILMSNY18_vit.png\",\"width\":1890,\"height\":1417,\"caption\":\"Patric Wilhelmsson Films\"},\"image\":{\"@id\":\"https:\/\/patricwilhelmsson.se\/shop\/#\/schema\/logo\/image\/\"}}]}<\/script>\n<!-- \/ Yoast SEO plugin. -->","yoast_head_json":{"title":"Cookie policy - patricwilhelmsson.se\/shop","robots":{"index":"index","follow":"follow","max-snippet":"max-snippet:-1","max-image-preview":"max-image-preview:large","max-video-preview":"max-video-preview:-1"},"canonical":"https:\/\/patricwilhelmsson.se\/shop\/cookie-policy\/","og_locale":"sv_SE","og_type":"article","og_title":"Cookie policy - patricwilhelmsson.se\/shop","og_description":"[vc_row][vc_column][vc_column_text]Cookies policy De flesta sidor p\u00e5 internet anv\u00e4nder cookies och det g\u00f6r vi ocks\u00e5 p\u00e5 v\u00e5r webbplats, www.patricwilhelmssons.se. En cookie \u00e4r en liten bit av data som en webbplats fr\u00e5gar din webbl\u00e4sare att lagra p\u00e5 din dator eller&hellip;","og_url":"https:\/\/patricwilhelmsson.se\/shop\/cookie-policy\/","og_site_name":"patricwilhelmsson.se\/shop","article_modified_time":"2018-05-10T09:18:57+00:00","twitter_card":"summary_large_image","twitter_misc":{"Ber\u00e4knad l\u00e4stid":"3 minuter"},"schema":{"@context":"https:\/\/schema.org","@graph":[{"@type":"WebPage","@id":"https:\/\/patricwilhelmsson.se\/shop\/cookie-policy\/","url":"https:\/\/patricwilhelmsson.se\/shop\/cookie-policy\/","name":"Cookie policy - patricwilhelmsson.se\/shop","isPartOf":{"@id":"https:\/\/patricwilhelmsson.se\/shop\/#website"},"datePublished":"2018-04-18T09:15:03+00:00","dateModified":"2018-05-10T09:18:57+00:00","breadcrumb":{"@id":"https:\/\/patricwilhelmsson.se\/shop\/cookie-policy\/#breadcrumb"},"inLanguage":"sv-SE","potentialAction":[{"@type":"ReadAction","target":["https:\/\/patricwilhelmsson.se\/shop\/cookie-policy\/"]}]},{"@type":"BreadcrumbList","@id":"https:\/\/patricwilhelmsson.se\/shop\/cookie-policy\/#breadcrumb","itemListElement":[{"@type":"ListItem","position":1,"name":"Home","item":"https:\/\/patricwilhelmsson.se\/shop\/"},{"@type":"ListItem","position":2,"name":"Cookie policy"}]},{"@type":"WebSite","@id":"https:\/\/patricwilhelmsson.se\/shop\/#website","url":"https:\/\/patricwilhelmsson.se\/shop\/","name":"patricwilhelmsson.se\/shop","description":"Premium Weddingfilms","publisher":{"@id":"https:\/\/patricwilhelmsson.se\/shop\/#organization"},"potentialAction":[{"@type":"SearchAction","target":{"@type":"EntryPoint","urlTemplate":"https:\/\/patricwilhelmsson.se\/shop\/?s={search_term_string}"},"query-input":"required name=search_term_string"}],"inLanguage":"sv-SE"},{"@type":"Organization","@id":"https:\/\/patricwilhelmsson.se\/shop\/#organization","name":"Patric Wilhelmsson Films","url":"https:\/\/patricwilhelmsson.se\/shop\/","logo":{"@type":"ImageObject","inLanguage":"sv-SE","@id":"https:\/\/patricwilhelmsson.se\/shop\/#\/schema\/logo\/image\/","url":"https:\/\/patricwilhelmsson.se\/shop\/wp-content\/uploads\/2018\/02\/PWPFILMSNY18_vit.png","contentUrl":"https:\/\/patricwilhelmsson.se\/shop\/wp-content\/uploads\/2018\/02\/PWPFILMSNY18_vit.png","width":1890,"height":1417,"caption":"Patric Wilhelmsson Films"},"image":{"@id":"https:\/\/patricwilhelmsson.se\/shop\/#\/schema\/logo\/image\/"}}]}},"_links":{"self":[{"href":"https:\/\/patricwilhelmsson.se\/shop\/wp-json\/wp\/v2\/pages\/3757"}],"collection":[{"href":"https:\/\/patricwilhelmsson.se\/shop\/wp-json\/wp\/v2\/pages"}],"about":[{"href":"https:\/\/patricwilhelmsson.se\/shop\/wp-json\/wp\/v2\/types\/page"}],"author":[{"embeddable":true,"href":"https:\/\/patricwilhelmsson.se\/shop\/wp-json\/wp\/v2\/users\/1"}],"replies":[{"embeddable":true,"href":"https:\/\/patricwilhelmsson.se\/shop\/wp-json\/wp\/v2\/comments?post=3757"}],"version-history":[{"count":35,"href":"https:\/\/patricwilhelmsson.se\/shop\/wp-json\/wp\/v2\/pages\/3757\/revisions"}],"predecessor-version":[{"id":3888,"href":"https:\/\/patricwilhelmsson.se\/shop\/wp-json\/wp\/v2\/pages\/3757\/revisions\/3888"}],"wp:attachment":[{"href":"https:\/\/patricwilhelmsson.se\/shop\/wp-json\/wp\/v2\/media?parent=3757"}],"curies":[{"name":"wp","href":"https:\/\/api.w.org\/{rel}","templated":true}]}}