{"id":3779,"date":"2018-04-19T06:39:08","date_gmt":"2018-04-19T05:39:08","guid":{"rendered":"https:\/\/patricwilhelmsson.se\/shop\/cookies\/"},"modified":"2018-05-10T10:43:26","modified_gmt":"2018-05-10T09:43:26","slug":"cookiepolicy","status":"publish","type":"page","link":"https:\/\/patricwilhelmsson.se\/shop\/cookiepolicy\/?lang=en","title":{"rendered":"Cookiepolicy"},"content":{"rendered":"<p>[vc_row][vc_column][vc_column_text]<span id=\"result_box\" class=\"\" lang=\"en\"><span title=\"Cookies policy \">Cookies policy<\/span><\/span><\/p>\n<p><span title=\"De flesta sidor p\u00e5 internet anv\u00e4nder cookies och det g\u00f6r vi ocks\u00e5 p\u00e5 v\u00e5r webbplats, www.patricwilhelmssons.se. \">Most web pages use cookies and so do our website, www.patricwilhelmssons.se.<br \/>\n<\/span><span title=\"En cookie \u00e4r en liten bit av data som en webbplats fr\u00e5gar din webbl\u00e4sare att lagra p\u00e5 din dator eller mobilenhet.\">A cookie is a small piece of data that a web site asks your browser to store on your computer or mobile device. <\/span><span title=\"Kakan g\u00f6r det m\u00f6jligt f\u00f6r webbplatsen att \u201dkomma ih\u00e5g\u201d dina handlingar eller preferenser \u00f6ver tiden. \">The cake allows the site to &#8221;remember&#8221; your actions or preferences over time.<br \/>\n<\/span><span title=\"De flesta webbl\u00e4sare st\u00f6der cookies, men anv\u00e4ndare kan st\u00e4lla in sina webbl\u00e4sare f\u00f6r att avvisa dem och kan radera dem n\u00e4r de vill.\">Most browsers support cookies, but users can set their browsers to reject them and can delete them whenever they want. <\/span><span title=\"Se anv\u00e4ndarhandboken f\u00f6r din webbl\u00e4sare f\u00f6r mer information om hur du tar bort cookies.\">See the user guide for your browser for more information about how to remove cookies. <\/span><span title=\"H\u00e5ll i min men, att om deaktiveras, kan inte alla funktioner p\u00e5 webbplatsen anv\u00e4ndas till fullo. \">Keep in mind, however, that if disabled, not all features on the site can be used to the fullest.<br \/>\n<\/span><span title=\"Beskrivning \">Description<br \/>\n<\/span><span title=\"Webbplatser anv\u00e4nder huvudsakligen cookies till: \">Websites mainly use cookies for:<br \/>\n<\/span><span title=\"\u2022 identifiera anv\u00e4ndare \">\u2022 Identify users<br \/>\n<\/span><span title=\"\u2022 Kom ih\u00e5g anv\u00e4ndarnas egna preferenser \">\u2022 Remember the user&#8217;s own preferences<br \/>\n<\/span><span title=\"\u2022 hj\u00e4lpa anv\u00e4ndare att slutf\u00f6ra uppgifter utan att beh\u00f6va skriva in information n\u00e4r de surfar fr\u00e5n en sida till en annan eller n\u00e4r de bes\u00f6ker webbplatsen senare. \">\u2022 Help users to complete tasks without having to enter information when browsing from one page to another or when they visit the site later.<br \/>\n<\/span><span title=\"Kakor kan ocks\u00e5 anv\u00e4ndas f\u00f6r annonsering p\u00e5 n\u00e4tet f\u00f6r beteendem\u00e5l och f\u00f6r att visa annonser som \u00e4r relevanta f\u00f6r n\u00e5gonting som anv\u00e4ndaren s\u00f6kt efter tidigare. \">Cookies can also be used for online advertising for behavioral goals and to show ads relevant to something that the user searched for earlier.<br \/>\n<\/span><span title=\"Hur anv\u00e4nds de? \">How are they used?<br \/>\n<\/span><span title=\"Den webbserver som tillhandah\u00e5ller webbsidan kan lagra en cookie p\u00e5 anv\u00e4ndarens dator eller mobilenhet.\">The web server that provides the webpage can store a cookie on the user&#8217;s computer or mobile device. <\/span><span title=\"En extern webbserver som hanterar filer inkluderade eller refererade p\u00e5 webbsidan kan ocks\u00e5 lagra cookies.\">An external web server that manages files included or referenced on the web page can also store cookies. <\/span><span title=\"Alla dessa cookies heter http header cookies.\">All of these cookies are called http header cookies. <\/span><span title=\"Ett annat s\u00e4tt att lagra cookies \u00e4r genom JavaScript-kod som finns eller h\u00e4nvisas till p\u00e5 den sidan. \">Another way to store cookies is through JavaScript code found or referred to on that page.<br \/>\n<\/span><span title=\"Varje g\u00e5ng anv\u00e4ndaren beg\u00e4r en ny sida kan webbservern ta emot v\u00e4rdena f\u00f6r de cookies som den tidigare st\u00e4llt in och returnera sidan med inneh\u00e5ll som h\u00e4nf\u00f6r sig till dessa v\u00e4rden.\">Each time the user requests a new page, the web server can receive the values \u200b\u200bof the cookies that it previously set and return the page with content related to those values. <\/span><span title=\"P\u00e5 samma s\u00e4tt kan JavaScript-kod l\u00e4sa en cookie som tillh\u00f6r dom\u00e4nen och utf\u00f6ra en \u00e5tg\u00e4rd i enlighet med detta. \">Similarly, JavaScript code can read a cookie belonging to the domain and perform an action accordingly.<\/span><\/p>\n<p><span title=\"Vad \u00e4r de olika typerna av cookies? \">What are the different types of cookies?<br \/>\n<\/span><span title=\"En cookie kan klassificeras efter dess livsl\u00e4ngd och dom\u00e4nen som den tillh\u00f6r.\">A cookie can be classified according to its lifetime and the domain to which it belongs. <\/span><span title=\"Efter en livstid \u00e4r en kaka antingen a: \">After a lifetime, a cake is either a:<br \/>\n<\/span><span title=\"\u2022 sessionskaka som raderas n\u00e4r anv\u00e4ndaren st\u00e4nger webbl\u00e4saren eller \">\u2022 session cookie that is deleted when the user closes the browser or<br \/>\n<\/span><span title=\"\u2022 Ih\u00e5llande cookie som finns kvar p\u00e5 anv\u00e4ndarens dator \/ enhet under en f\u00f6rutbest\u00e4md tidsperiod. \">\u2022 Retention cookie remaining on the user&#8217;s computer \/ device for a predetermined period of time.<br \/>\n<\/span><span title=\"N\u00e4r det g\u00e4ller dom\u00e4nen till vilken den h\u00f6r, finns det antingen: \">As for the domain to which it belongs, there are either:<br \/>\n<\/span><span title=\"\u2022 Kakor fr\u00e5n f\u00f6rsta part som st\u00e4lls in av webbservern p\u00e5 den bes\u00f6kta sidan och delar samma dom\u00e4n \">\u2022 First-party cookies that are set by the web server on the visited page and share the same domain<br \/>\n<\/span><span title=\"\u2022 tredjeparts cookies lagrade av en annan dom\u00e4n till den bes\u00f6kta sidans dom\u00e4n.\">\u2022 third party cookies stored by another domain to the visited page&#8217;s domain. <\/span><span title=\"Detta kan h\u00e4nda n\u00e4r webbsidan h\u00e4nvisar till en fil, till exempel JavaScript, som ligger utanf\u00f6r dom\u00e4nen. \">This can happen when the webpage refers to a file, such as JavaScript, which is outside of the domain.<\/span><\/p>\n<p><span title=\"Google Analytics-relaterade cookies \">Google Analytics related cookies<br \/>\n<\/span><span title=\"Cookies relaterade till Google Analytics anv\u00e4nds f\u00f6r att ge statistik och f\u00f6rb\u00e4ttra webbplatsen.\">Cookies related to Google Analytics are used to provide statistics and improve the site. <\/span><span title=\"Mer information finns i Googles sekretesspolicy p\u00e5 http:\/\/www.google.com\/intl\/sv\/policies\/privacy\/.\">For more information, see the Google Privacy Policy at http:\/\/www.google.com\/intl\/en\/policies\/privacy\/.<\/span>[\/vc_column_text][\/vc_column][\/vc_row][vc_row][vc_column][vc_column_text]<script id=\"CookieDeclaration\" data-culture=\"en\" src=\"https:\/\/consent.cookiebot.com\/488eac1c-b130-4cd9-b814-9cdbef29286a\/cd.js\" type=\"text\/javascript\" async><\/script>[\/vc_column_text][\/vc_column][\/vc_row]<\/p>\n","protected":false},"excerpt":{"rendered":"<p>[vc_row][vc_column][vc_column_text]Cookies policy Most web pages use cookies and so do our website, www.patricwilhelmssons.se. A cookie is a small piece of data that a web site asks your browser to store on your computer or mobile device. The cake&hellip;<\/p>\n","protected":false},"author":1,"featured_media":0,"parent":0,"menu_order":0,"comment_status":"closed","ping_status":"closed","template":"","meta":[],"acf":[],"yoast_head":"<!-- This site is optimized with the Yoast SEO plugin v19.13 - https:\/\/yoast.com\/wordpress\/plugins\/seo\/ -->\n<title>Cookiepolicy - patricwilhelmsson.se\/shop<\/title>\n<meta name=\"robots\" content=\"index, follow, max-snippet:-1, max-image-preview:large, max-video-preview:-1\" \/>\n<link rel=\"canonical\" href=\"https:\/\/patricwilhelmsson.se\/shop\/cookiepolicy\/?lang=en\" \/>\n<meta property=\"og:locale\" content=\"sv_SE\" \/>\n<meta property=\"og:type\" content=\"article\" \/>\n<meta property=\"og:title\" content=\"Cookiepolicy - patricwilhelmsson.se\/shop\" \/>\n<meta property=\"og:description\" content=\"[vc_row][vc_column][vc_column_text]Cookies policy Most web pages use cookies and so do our website, www.patricwilhelmssons.se. A cookie is a small piece of data that a web site asks your browser to store on your computer or mobile device. The cake&hellip;\" \/>\n<meta property=\"og:url\" content=\"https:\/\/patricwilhelmsson.se\/shop\/cookiepolicy\/?lang=en\" \/>\n<meta property=\"og:site_name\" content=\"patricwilhelmsson.se\/shop\" \/>\n<meta property=\"article:modified_time\" content=\"2018-05-10T09:43:26+00:00\" \/>\n<meta name=\"twitter:card\" content=\"summary_large_image\" \/>\n<meta name=\"twitter:label1\" content=\"Ber\u00e4knad l\u00e4stid\" \/>\n\t<meta name=\"twitter:data1\" content=\"2 minuter\" \/>\n<script type=\"application\/ld+json\" class=\"yoast-schema-graph\">{\"@context\":\"https:\/\/schema.org\",\"@graph\":[{\"@type\":\"WebPage\",\"@id\":\"https:\/\/patricwilhelmsson.se\/shop\/cookiepolicy\/?lang=en\",\"url\":\"https:\/\/patricwilhelmsson.se\/shop\/cookiepolicy\/?lang=en\",\"name\":\"Cookiepolicy - patricwilhelmsson.se\/shop\",\"isPartOf\":{\"@id\":\"https:\/\/patricwilhelmsson.se\/shop\/#website\"},\"datePublished\":\"2018-04-19T05:39:08+00:00\",\"dateModified\":\"2018-05-10T09:43:26+00:00\",\"breadcrumb\":{\"@id\":\"https:\/\/patricwilhelmsson.se\/shop\/cookiepolicy\/?lang=en#breadcrumb\"},\"inLanguage\":\"sv-SE\",\"potentialAction\":[{\"@type\":\"ReadAction\",\"target\":[\"https:\/\/patricwilhelmsson.se\/shop\/cookiepolicy\/?lang=en\"]}]},{\"@type\":\"BreadcrumbList\",\"@id\":\"https:\/\/patricwilhelmsson.se\/shop\/cookiepolicy\/?lang=en#breadcrumb\",\"itemListElement\":[{\"@type\":\"ListItem\",\"position\":1,\"name\":\"Home\",\"item\":\"https:\/\/patricwilhelmsson.se\/shop\/\"},{\"@type\":\"ListItem\",\"position\":2,\"name\":\"Cookiepolicy\"}]},{\"@type\":\"WebSite\",\"@id\":\"https:\/\/patricwilhelmsson.se\/shop\/#website\",\"url\":\"https:\/\/patricwilhelmsson.se\/shop\/\",\"name\":\"patricwilhelmsson.se\/shop\",\"description\":\"Premium Weddingfilms\",\"publisher\":{\"@id\":\"https:\/\/patricwilhelmsson.se\/shop\/#organization\"},\"potentialAction\":[{\"@type\":\"SearchAction\",\"target\":{\"@type\":\"EntryPoint\",\"urlTemplate\":\"https:\/\/patricwilhelmsson.se\/shop\/?s={search_term_string}\"},\"query-input\":\"required name=search_term_string\"}],\"inLanguage\":\"sv-SE\"},{\"@type\":\"Organization\",\"@id\":\"https:\/\/patricwilhelmsson.se\/shop\/#organization\",\"name\":\"Patric Wilhelmsson Films\",\"url\":\"https:\/\/patricwilhelmsson.se\/shop\/\",\"logo\":{\"@type\":\"ImageObject\",\"inLanguage\":\"sv-SE\",\"@id\":\"https:\/\/patricwilhelmsson.se\/shop\/#\/schema\/logo\/image\/\",\"url\":\"https:\/\/patricwilhelmsson.se\/shop\/wp-content\/uploads\/2018\/02\/PWPFILMSNY18_vit.png\",\"contentUrl\":\"https:\/\/patricwilhelmsson.se\/shop\/wp-content\/uploads\/2018\/02\/PWPFILMSNY18_vit.png\",\"width\":1890,\"height\":1417,\"caption\":\"Patric Wilhelmsson Films\"},\"image\":{\"@id\":\"https:\/\/patricwilhelmsson.se\/shop\/#\/schema\/logo\/image\/\"}}]}<\/script>\n<!-- \/ Yoast SEO plugin. -->","yoast_head_json":{"title":"Cookiepolicy - patricwilhelmsson.se\/shop","robots":{"index":"index","follow":"follow","max-snippet":"max-snippet:-1","max-image-preview":"max-image-preview:large","max-video-preview":"max-video-preview:-1"},"canonical":"https:\/\/patricwilhelmsson.se\/shop\/cookiepolicy\/?lang=en","og_locale":"sv_SE","og_type":"article","og_title":"Cookiepolicy - patricwilhelmsson.se\/shop","og_description":"[vc_row][vc_column][vc_column_text]Cookies policy Most web pages use cookies and so do our website, www.patricwilhelmssons.se. A cookie is a small piece of data that a web site asks your browser to store on your computer or mobile device. The cake&hellip;","og_url":"https:\/\/patricwilhelmsson.se\/shop\/cookiepolicy\/?lang=en","og_site_name":"patricwilhelmsson.se\/shop","article_modified_time":"2018-05-10T09:43:26+00:00","twitter_card":"summary_large_image","twitter_misc":{"Ber\u00e4knad l\u00e4stid":"2 minuter"},"schema":{"@context":"https:\/\/schema.org","@graph":[{"@type":"WebPage","@id":"https:\/\/patricwilhelmsson.se\/shop\/cookiepolicy\/?lang=en","url":"https:\/\/patricwilhelmsson.se\/shop\/cookiepolicy\/?lang=en","name":"Cookiepolicy - patricwilhelmsson.se\/shop","isPartOf":{"@id":"https:\/\/patricwilhelmsson.se\/shop\/#website"},"datePublished":"2018-04-19T05:39:08+00:00","dateModified":"2018-05-10T09:43:26+00:00","breadcrumb":{"@id":"https:\/\/patricwilhelmsson.se\/shop\/cookiepolicy\/?lang=en#breadcrumb"},"inLanguage":"sv-SE","potentialAction":[{"@type":"ReadAction","target":["https:\/\/patricwilhelmsson.se\/shop\/cookiepolicy\/?lang=en"]}]},{"@type":"BreadcrumbList","@id":"https:\/\/patricwilhelmsson.se\/shop\/cookiepolicy\/?lang=en#breadcrumb","itemListElement":[{"@type":"ListItem","position":1,"name":"Home","item":"https:\/\/patricwilhelmsson.se\/shop\/"},{"@type":"ListItem","position":2,"name":"Cookiepolicy"}]},{"@type":"WebSite","@id":"https:\/\/patricwilhelmsson.se\/shop\/#website","url":"https:\/\/patricwilhelmsson.se\/shop\/","name":"patricwilhelmsson.se\/shop","description":"Premium Weddingfilms","publisher":{"@id":"https:\/\/patricwilhelmsson.se\/shop\/#organization"},"potentialAction":[{"@type":"SearchAction","target":{"@type":"EntryPoint","urlTemplate":"https:\/\/patricwilhelmsson.se\/shop\/?s={search_term_string}"},"query-input":"required name=search_term_string"}],"inLanguage":"sv-SE"},{"@type":"Organization","@id":"https:\/\/patricwilhelmsson.se\/shop\/#organization","name":"Patric Wilhelmsson Films","url":"https:\/\/patricwilhelmsson.se\/shop\/","logo":{"@type":"ImageObject","inLanguage":"sv-SE","@id":"https:\/\/patricwilhelmsson.se\/shop\/#\/schema\/logo\/image\/","url":"https:\/\/patricwilhelmsson.se\/shop\/wp-content\/uploads\/2018\/02\/PWPFILMSNY18_vit.png","contentUrl":"https:\/\/patricwilhelmsson.se\/shop\/wp-content\/uploads\/2018\/02\/PWPFILMSNY18_vit.png","width":1890,"height":1417,"caption":"Patric Wilhelmsson Films"},"image":{"@id":"https:\/\/patricwilhelmsson.se\/shop\/#\/schema\/logo\/image\/"}}]}},"_links":{"self":[{"href":"https:\/\/patricwilhelmsson.se\/shop\/wp-json\/wp\/v2\/pages\/3779"}],"collection":[{"href":"https:\/\/patricwilhelmsson.se\/shop\/wp-json\/wp\/v2\/pages"}],"about":[{"href":"https:\/\/patricwilhelmsson.se\/shop\/wp-json\/wp\/v2\/types\/page"}],"author":[{"embeddable":true,"href":"https:\/\/patricwilhelmsson.se\/shop\/wp-json\/wp\/v2\/users\/1"}],"replies":[{"embeddable":true,"href":"https:\/\/patricwilhelmsson.se\/shop\/wp-json\/wp\/v2\/comments?post=3779"}],"version-history":[{"count":15,"href":"https:\/\/patricwilhelmsson.se\/shop\/wp-json\/wp\/v2\/pages\/3779\/revisions"}],"predecessor-version":[{"id":3891,"href":"https:\/\/patricwilhelmsson.se\/shop\/wp-json\/wp\/v2\/pages\/3779\/revisions\/3891"}],"wp:attachment":[{"href":"https:\/\/patricwilhelmsson.se\/shop\/wp-json\/wp\/v2\/media?parent=3779"}],"curies":[{"name":"wp","href":"https:\/\/api.w.org\/{rel}","templated":true}]}}